{"id":812,"date":"2024-04-10T11:43:35","date_gmt":"2024-04-10T11:43:35","guid":{"rendered":"https:\/\/www.algencal.com\/?page_id=812"},"modified":"2024-04-10T11:57:33","modified_gmt":"2024-04-10T11:57:33","slug":"aviso-legal","status":"publish","type":"page","link":"https:\/\/www.algencal.com\/pt\/aviso-legal\/","title":{"rendered":"Aviso legal"},"content":{"rendered":"<p>Em conformidade com a Lei 34\/2002, de 11 de julho de 2002, relativa aos servi\u00e7os da sociedade da informa\u00e7\u00e3o e \u00e0<br>do com\u00e9rcio eletr\u00f3nico (LSSI), informamos que:<\/p>\n\n\n\n<p><strong>INGENIERIA ALGENCAL S.L. (a seguir designada por INGENIERIA ALGENCAL S.L.) <\/strong>\u00e9 uma sociedade an\u00f3nima.<br>O seu n\u00famero de IVA \u00e9 B90044892 e o seu endere\u00e7o \u00e9 Avenida de Aznalc\u00e1zar No30 Pol. Ind. P.I.B.O,<br>Bollullos de la Mitaci\u00f3n, Sevilha. Inscrito no Registo Comercial de SEVILHA no tomo 5633;<br>f\u00f3lio 41, folha SE 95735.<\/p>\n\n\n\n<p><strong>Dados de contacto:<\/strong><\/p>\n\n\n\n<ul class=\"wp-block-list\">\n<li>Telefone: 606331332<\/li>\n\n\n\n<li>Correio eletr\u00f3nico: algencal@algencal.com<\/li>\n<\/ul>\n\n\n\n<h2 class=\"wp-block-heading\">Condi\u00e7\u00f5es gerais de utiliza\u00e7\u00e3o do s\u00edtio Web da INGENIERIA ALGENCAL S.L.<\/h2>\n\n\n\n<p>O nome de dom\u00ednio algencal.com \u00e9 propriedade da INGENIERIA ALGENCAL S.L. e o seu uso exclusivo est\u00e1-lhe reservado.<\/p>\n\n\n\n<p>O site oficial da algencal.com, tem como objetivo proporcionar ao p\u00fablico em geral, o conhecimento das actividades que desenvolvemos, bem como dos produtos e servi\u00e7os que prestamos no \u00e2mbito da instala\u00e7\u00e3o, repara\u00e7\u00e3o e manuten\u00e7\u00e3o de equipamentos sob press\u00e3o e g\u00e1s.<\/p>\n\n\n\n<p>A utiliza\u00e7\u00e3o deste s\u00edtio Web implica a aceita\u00e7\u00e3o expressa e plena das condi\u00e7\u00f5es aqui estabelecidas, sem preju\u00edzo de quaisquer condi\u00e7\u00f5es particulares que possam ser aplic\u00e1veis a alguns dos produtos ou servi\u00e7os espec\u00edficos oferecidos atrav\u00e9s do s\u00edtio Web.<\/p>\n\n\n\n<p>INGENIERIA ALGENCAL S.L. reserva-se o direito de efetuar, em qualquer momento e sem aviso pr\u00e9vio, modifica\u00e7\u00f5es e actualiza\u00e7\u00f5es da informa\u00e7\u00e3o contida no seu s\u00edtio Web ou na sua configura\u00e7\u00e3o e apresenta\u00e7\u00e3o.<\/p>\n\n\n\n<p>A fim de manter actualizadas as informa\u00e7\u00f5es publicadas no portal, o conte\u00fado do portal pode ser modificado, corrigido, suprimido ou acrescentado a qualquer momento, pelo que \u00e9 aconselh\u00e1vel verificar a validade ou a exatid\u00e3o do conte\u00fado consultando as fontes oficiais.<\/p>\n\n\n\n<h2 class=\"wp-block-heading\">Propriedade intelectual, propriedade industrial e molduras<\/h2>\n\n\n\n<p>Todos os elementos que comp\u00f5em o s\u00edtio Web, bem como a sua estrutura, design, c\u00f3digo fonte, log\u00f3tipos, marcas e outros sinais distintivos que nele apare\u00e7am, s\u00e3o propriedade da INGENIERIA ALGENCAL S.L. ou dos seus colaboradores, e est\u00e3o protegidos pelos correspondentes direitos de propriedade intelectual e industrial.<\/p>\n\n\n\n<p>As imagens e outros elementos gr\u00e1ficos contidos nos portais est\u00e3o igualmente protegidos pelos correspondentes direitos de propriedade intelectual e industrial. <\/p>\n\n\n\n<p>Proibimos expressamente o enquadramento ou a utiliza\u00e7\u00e3o por terceiros de quaisquer outros mecanismos que alterem o design, a configura\u00e7\u00e3o original ou os conte\u00fados dos nossos portais.<\/p>\n\n\n\n<p>A utiliza\u00e7\u00e3o dos conte\u00fados deve respeitar o seu licenciamento particular. Por conseguinte, \u00e9 expressamente proibida a sua utiliza\u00e7\u00e3o, reprodu\u00e7\u00e3o, distribui\u00e7\u00e3o, comunica\u00e7\u00e3o p\u00fablica, transforma\u00e7\u00e3o ou qualquer outra atividade similar ou an\u00e1loga sem a autoriza\u00e7\u00e3o pr\u00e9via e expressa da INGENIERIA ALGENCAL S.L..<\/p>\n\n\n\n<p>No que diz respeito \u00e0s cita\u00e7\u00f5es de not\u00edcias, produtos e servi\u00e7os de terceiros que possam aparecer na Web, a INGENIERIA ALGENCAL S.L. reconhece a favor dos seus propriet\u00e1rios os correspondentes direitos de propriedade industrial e intelectual, e a sua simples men\u00e7\u00e3o ou apari\u00e7\u00e3o na Web n\u00e3o implica a exist\u00eancia de direitos ou qualquer responsabilidade sobre os mesmos, nem implica qualquer apoio, patroc\u00ednio ou recomenda\u00e7\u00e3o.<\/p>\n\n\n\n<p>No que diz respeito \u00e0s cita\u00e7\u00f5es de not\u00edcias, produtos e servi\u00e7os de terceiros que possam aparecer na Web, a INGENIERIA ALGENCAL S.L. reconhece a favor dos seus propriet\u00e1rios os correspondentes direitos de propriedade industrial e intelectual, e a sua simples men\u00e7\u00e3o ou apari\u00e7\u00e3o na Web n\u00e3o implica a exist\u00eancia de direitos ou qualquer responsabilidade sobre os mesmos, nem implica qualquer apoio, patroc\u00ednio ou recomenda\u00e7\u00e3o.<\/p>\n\n\n\n<h2 class=\"wp-block-heading\">Responsabilidade<\/h2>\n\n\n\n<p>N\u00e3o garantimos a inexist\u00eancia de erros no acesso \u00e0 Web, no seu conte\u00fado, nem que este esteja atualizado, embora INGENIERIA ALGENCAL S.L. envide os seus melhores esfor\u00e7os para os evitar, corrigir ou atualizar, conforme o caso.<\/p>\n\n\n\n<p>Tanto o acesso aos portais da INGENIERIA ALGENCAL S.L. como a utiliza\u00e7\u00e3o que possa ser feita da informa\u00e7\u00e3o contida nos mesmos \u00e9 da exclusiva responsabilidade do utilizador.<\/p>\n\n\n\n<p>N\u00e3o nos responsabilizamos por eventuais erros de seguran\u00e7a que possam ocorrer ou por eventuais danos que possam ser causados ao sistema inform\u00e1tico do Utilizador (hardware e software), aos ficheiros ou documentos nele armazenados, em consequ\u00eancia da presen\u00e7a de um v\u00edrus no computador do Utilizador utilizado para se ligar aos servi\u00e7os e conte\u00fados do S\u00edtio Web, do mau funcionamento do navegador ou da utiliza\u00e7\u00e3o de vers\u00f5es n\u00e3o actualizadas do mesmo.<\/p>\n\n\n\n<p>De igual modo, n\u00e3o nos responsabilizamos pelas informa\u00e7\u00f5es e conte\u00fados armazenados, nomeadamente, mas n\u00e3o exclusivamente, em f\u00f3runs, chats, blogues, coment\u00e1rios, redes sociais ou quaisquer outros meios que permitam a terceiros publicar conte\u00fados de forma independente no nosso s\u00edtio Web.<\/p>\n\n\n\n<p>No entanto, e em conformidade com as disposi\u00e7\u00f5es da LSSI, colocamos \u00e0 disposi\u00e7\u00e3o de todos os utilizadores, autoridades e for\u00e7as de seguran\u00e7a, e colaboramos ativamente na remo\u00e7\u00e3o ou, se for caso disso, no bloqueio de todos os conte\u00fados que possam afetar ou infringir a legisla\u00e7\u00e3o nacional ou internacional, os direitos de terceiros, ou a moral e a ordem p\u00fablica. No caso de o utilizador considerar que existe algum conte\u00fado no s\u00edtio Web que possa ser suscet\u00edvel de ser classificado como tal, deve contactar-nos.<\/p>\n\n\n\n<h2 class=\"wp-block-heading\">Liga\u00e7\u00f5es ou hiperliga\u00e7\u00f5es<\/h2>\n\n\n\n<p>O s\u00edtio Web pode conter liga\u00e7\u00f5es para conte\u00fados que direcionam para conte\u00fados de terceiros. O objetivo destas liga\u00e7\u00f5es \u00e9 unicamente facilitar ao utilizador a pesquisa de recursos que possam ser do seu interesse na Internet. No entanto, estas p\u00e1ginas n\u00e3o pertencem \u00e0 INGENIERIA ALGENCAL S.L., nem revemos os seus conte\u00fados e, portanto, n\u00e3o nos responsabilizamos pelos conte\u00fados, informa\u00e7\u00f5es ou servi\u00e7os que possam aparecer nestes s\u00edtios, os quais t\u00eam um car\u00e1cter meramente informativo e n\u00e3o implicam, em caso algum, qualquer rela\u00e7\u00e3o entre n\u00f3s e as pessoas ou entidades propriet\u00e1rias dos referidos conte\u00fados, nem com os propriet\u00e1rios dos s\u00edtios onde se encontram.<\/p>\n\n\n\n<p>A INGENIERIA ALGENCAL S.L. n\u00e3o se responsabiliza pelo funcionamento da p\u00e1gina vinculada nem pelos poss\u00edveis danos que possam derivar do acesso ou utiliza\u00e7\u00e3o da mesma.<\/p>\n\n\n\n<p>As liga\u00e7\u00f5es ao s\u00edtio Web da INGENIERIA ALGENCAL S.L. devem respeitar as seguintes condi\u00e7\u00f5es:<\/p>\n\n\n\n<ul class=\"wp-block-list\">\n<li>O estabelecimento da liga\u00e7\u00e3o n\u00e3o implica per se qualquer tipo de acordo, contrato, patroc\u00ednio ou recomenda\u00e7\u00e3o por parte da INGENIERIA ALGENCAL S.L., da p\u00e1gina que estabelece a liga\u00e7\u00e3o.<\/li>\n\n\n\n<li>O s\u00edtio Web em que \u00e9 estabelecida a hiperliga\u00e7\u00e3o n\u00e3o deve conter informa\u00e7\u00f5es de conte\u00fado ilegal, discriminat\u00f3rio, contr\u00e1rio aos princ\u00edpios \u00e9ticos geralmente aceites ou contr\u00e1rio \u00e0 ordem p\u00fablica, nem deve conter conte\u00fados que violem os direitos de terceiros.<\/li>\n\n\n\n<li>INGENIERIA ALGENCAL S.L. poder\u00e1 solicitar a supress\u00e3o de uma liga\u00e7\u00e3o ao seu s\u00edtio web, sem necessidade de indicar qualquer motivo. Neste caso, a p\u00e1gina que efectuou a liga\u00e7\u00e3o deve proceder \u00e0 sua elimina\u00e7\u00e3o imediata, assim que receber a notifica\u00e7\u00e3o.<\/li>\n\n\n\n<li>N\u00e3o nos responsabilizamos nem garantimos, de forma alguma, a qualidade, exatid\u00e3o, fiabilidade, corre\u00e7\u00e3o ou moralidade dos conte\u00fados ou servi\u00e7os que o estabelecimento da hiperliga\u00e7\u00e3o possa oferecer. O utilizador assume a responsabilidade exclusiva por quaisquer consequ\u00eancias, danos ou ac\u00e7\u00f5es que possam resultar do acesso ao s\u00edtio Web com hiperliga\u00e7\u00e3o.<\/li>\n<\/ul>\n\n\n\n<h2 class=\"wp-block-heading\">Prote\u00e7\u00e3o de dados pessoais<\/h2>\n\n\n\n<p>Na INGENIERIA ALGENCAL S.L. estamos profundamente comprometidos com o cumprimento da normativa de prote\u00e7\u00e3o de dados de car\u00e1cter pessoal, e garantimos o cumprimento integral das obriga\u00e7\u00f5es estabelecidas, assim como a implementa\u00e7\u00e3o das medidas de seguran\u00e7a adequadas, com o objetivo de garantir um n\u00edvel de seguran\u00e7a adequado ao risco.<\/p>\n\n\n\n<p>Por este motivo, colocamos a nossa Pol\u00edtica de Privacidade \u00e0 disposi\u00e7\u00e3o dos utilizadores, oferecendo-lhes neste texto informa\u00e7\u00f5es alargadas sobre o tratamento de dados que efectuamos.<\/p>\n\n\n\n<h2 class=\"wp-block-heading\">Direito aplic\u00e1vel e jurisdi\u00e7\u00e3o<\/h2>\n\n\n\n<p>A lei aplic\u00e1vel em caso de lit\u00edgio ou conflito de interpreta\u00e7\u00e3o dos termos que comp\u00f5em o presente Aviso Legal, bem como de qualquer quest\u00e3o relacionada com os servi\u00e7os deste Portal, ser\u00e1 a lei espanhola.<\/p>\n\n\n\n<p>Para a resolu\u00e7\u00e3o de qualquer conflito que possa surgir da visita ao Portal ou da utiliza\u00e7\u00e3o dos servi\u00e7os oferecidos no mesmo, INGENIERIA ALGENCAL S.L. e o Utilizador acordam submeter-se aos Julgados e Tribunais do domic\u00edlio de INGENIERIA ALGENCAL S.L.<\/p>","protected":false},"excerpt":{"rendered":"<p>Em cumprimento da Lei 34\/2002, de 11 de julho, de servi\u00e7os da sociedade da informa\u00e7\u00e3o e do com\u00e9rcio eletr\u00f3nico (LSSI), informamos que a INGENIERIA ALGENCAL S.L. (doravante INGENIERIA ALGENCAL S.L.) \u00e9 uma sociedade an\u00f3nima: A INGENIERIA ALGENCAL S.L. (doravante INGENIERIA ALGENCAL S.L.) \u00e9 uma sociedade an\u00f3nima, com o n\u00famero de IVA B90044892 e com sede social na Avenida de Aznalc\u00e1zar n\u00ba 30 Pol. Ind. P.I.B.O,Bollullos de la [...]<\/p>","protected":false},"author":1,"featured_media":0,"parent":0,"menu_order":0,"comment_status":"closed","ping_status":"closed","template":"","meta":{"_acf_changed":false,"footnotes":""},"class_list":["post-812","page","type-page","status-publish","hentry"],"acf":[],"rankMath":{"parentDomain":"www.algencal.com","noFollowDomains":[],"noFollowExcludeDomains":[],"noFollowExternalLinks":true,"featuredImageNotice":"The featured image should be at least 200 by 200 pixels to be picked up by Facebook and other social media sites.","pluginReviewed":false,"postSettings":{"linkSuggestions":true,"useFocusKeyword":false},"frontEndScore":false,"postName":"aviso-legal","permalinkFormat":"https:\/\/www.algencal.com\/pt\/%pagename%\/","showLockModifiedDate":true,"assessor":{"focusKeywordLink":"https:\/\/www.algencal.com\/wp-admin\/edit.php?focus_keyword=%focus_keyword%&post_type=%post_type%","hasTOCPlugin":true,"primaryTaxonomy":false,"serpData":{"title":"","description":"","focusKeywords":"","pillarContent":false,"canonicalUrl":"","breadcrumbTitle":"","advancedRobots":[],"facebookTitle":"","facebookDescription":"","facebookImage":"","facebookImageID":"","facebookHasOverlay":false,"facebookImageOverlay":"","facebookAuthor":"","twitterCardType":"","twitterUseFacebook":true,"twitterTitle":"","twitterDescription":"","twitterImage":"","twitterImageID":"","twitterHasOverlay":false,"twitterImageOverlay":"","twitterPlayerUrl":"","twitterPlayerSize":"","twitterPlayerStream":"","twitterPlayerStreamCtype":"","twitterAppDescription":"","twitterAppIphoneName":"","twitterAppIphoneID":"","twitterAppIphoneUrl":"","twitterAppIpadName":"","twitterAppIpadID":"","twitterAppIpadUrl":"","twitterAppGoogleplayName":"","twitterAppGoogleplayID":"","twitterAppGoogleplayUrl":"","twitterAppCountry":"","robots":{"index":true},"twitterAuthor":"username","primaryTerm":0,"authorName":"user","titleTemplate":"%title% %sep% %sitename%","descriptionTemplate":"%excerpt%","showScoreFrontend":true,"lockModifiedDate":false},"powerWords":[],"diacritics":{"A":"[\\u0041\\u24B6\\uFF21\\u00C0\\u00C1\\u00C2\\u1EA6\\u1EA4\\u1EAA\\u1EA8\\u00C3\\u0100\\u0102\\u1EB0\\u1EAE\\u1EB4\\u1EB2\\u0226\\u01E0\\u00C4\\u01DE\\u1EA2\\u00C5\\u01FA\\u01CD\\u0200\\u0202\\u1EA0\\u1EAC\\u1EB6\\u1E00\\u0104\\u023A\\u2C6F]","AA":"[\\uA732]","AE":"[\\u00C6\\u01FC\\u01E2]","AO":"[\\uA734]","AU":"[\\uA736]","AV":"[\\uA738\\uA73A]","AY":"[\\uA73C]","B":"[\\u0042\\u24B7\\uFF22\\u1E02\\u1E04\\u1E06\\u0243\\u0182\\u0181]","C":"[\\u0043\\u24B8\\uFF23\\u0106\\u0108\\u010A\\u010C\\u00C7\\u1E08\\u0187\\u023B\\uA73E]","D":"[\\u0044\\u24B9\\uFF24\\u1E0A\\u010E\\u1E0C\\u1E10\\u1E12\\u1E0E\\u0110\\u018B\\u018A\\u0189\\uA779]","DZ":"[\\u01F1\\u01C4]","Dz":"[\\u01F2\\u01C5]","E":"[\\u0045\\u24BA\\uFF25\\u00C8\\u00C9\\u00CA\\u1EC0\\u1EBE\\u1EC4\\u1EC2\\u1EBC\\u0112\\u1E14\\u1E16\\u0114\\u0116\\u00CB\\u1EBA\\u011A\\u0204\\u0206\\u1EB8\\u1EC6\\u0228\\u1E1C\\u0118\\u1E18\\u1E1A\\u0190\\u018E]","F":"[\\u0046\\u24BB\\uFF26\\u1E1E\\u0191\\uA77B]","G":"[\\u0047\\u24BC\\uFF27\\u01F4\\u011C\\u1E20\\u011E\\u0120\\u01E6\\u0122\\u01E4\\u0193\\uA7A0\\uA77D\\uA77E]","H":"[\\u0048\\u24BD\\uFF28\\u0124\\u1E22\\u1E26\\u021E\\u1E24\\u1E28\\u1E2A\\u0126\\u2C67\\u2C75\\uA78D]","I":"[\\u0049\\u24BE\\uFF29\\u00CC\\u00CD\\u00CE\\u0128\\u012A\\u012C\\u0130\\u00CF\\u1E2E\\u1EC8\\u01CF\\u0208\\u020A\\u1ECA\\u012E\\u1E2C\\u0197]","J":"[\\u004A\\u24BF\\uFF2A\\u0134\\u0248]","K":"[\\u004B\\u24C0\\uFF2B\\u1E30\\u01E8\\u1E32\\u0136\\u1E34\\u0198\\u2C69\\uA740\\uA742\\uA744\\uA7A2]","L":"[\\u004C\\u24C1\\uFF2C\\u013F\\u0139\\u013D\\u1E36\\u1E38\\u013B\\u1E3C\\u1E3A\\u0141\\u023D\\u2C62\\u2C60\\uA748\\uA746\\uA780]","LJ":"[\\u01C7]","Lj":"[\\u01C8]","M":"[\\u004D\\u24C2\\uFF2D\\u1E3E\\u1E40\\u1E42\\u2C6E\\u019C]","N":"[\\u004E\\u24C3\\uFF2E\\u01F8\\u0143\\u00D1\\u1E44\\u0147\\u1E46\\u0145\\u1E4A\\u1E48\\u0220\\u019D\\uA790\\uA7A4]","NJ":"[\\u01CA]","Nj":"[\\u01CB]","O":"[\\u004F\\u24C4\\uFF2F\\u00D2\\u00D3\\u00D4\\u1ED2\\u1ED0\\u1ED6\\u1ED4\\u00D5\\u1E4C\\u022C\\u1E4E\\u014C\\u1E50\\u1E52\\u014E\\u022E\\u0230\\u00D6\\u022A\\u1ECE\\u0150\\u01D1\\u020C\\u020E\\u01A0\\u1EDC\\u1EDA\\u1EE0\\u1EDE\\u1EE2\\u1ECC\\u1ED8\\u01EA\\u01EC\\u00D8\\u01FE\\u0186\\u019F\\uA74A\\uA74C]","OI":"[\\u01A2]","OO":"[\\uA74E]","OU":"[\\u0222]","P":"[\\u0050\\u24C5\\uFF30\\u1E54\\u1E56\\u01A4\\u2C63\\uA750\\uA752\\uA754]","Q":"[\\u0051\\u24C6\\uFF31\\uA756\\uA758\\u024A]","R":"[\\u0052\\u24C7\\uFF32\\u0154\\u1E58\\u0158\\u0210\\u0212\\u1E5A\\u1E5C\\u0156\\u1E5E\\u024C\\u2C64\\uA75A\\uA7A6\\uA782]","S":"[\\u0053\\u24C8\\uFF33\\u1E9E\\u015A\\u1E64\\u015C\\u1E60\\u0160\\u1E66\\u1E62\\u1E68\\u0218\\u015E\\u2C7E\\uA7A8\\uA784]","T":"[\\u0054\\u24C9\\uFF34\\u1E6A\\u0164\\u1E6C\\u021A\\u0162\\u1E70\\u1E6E\\u0166\\u01AC\\u01AE\\u023E\\uA786]","TZ":"[\\uA728]","U":"[\\u0055\\u24CA\\uFF35\\u00D9\\u00DA\\u00DB\\u0168\\u1E78\\u016A\\u1E7A\\u016C\\u00DC\\u01DB\\u01D7\\u01D5\\u01D9\\u1EE6\\u016E\\u0170\\u01D3\\u0214\\u0216\\u01AF\\u1EEA\\u1EE8\\u1EEE\\u1EEC\\u1EF0\\u1EE4\\u1E72\\u0172\\u1E76\\u1E74\\u0244]","V":"[\\u0056\\u24CB\\uFF36\\u1E7C\\u1E7E\\u01B2\\uA75E\\u0245]","VY":"[\\uA760]","W":"[\\u0057\\u24CC\\uFF37\\u1E80\\u1E82\\u0174\\u1E86\\u1E84\\u1E88\\u2C72]","X":"[\\u0058\\u24CD\\uFF38\\u1E8A\\u1E8C]","Y":"[\\u0059\\u24CE\\uFF39\\u1EF2\\u00DD\\u0176\\u1EF8\\u0232\\u1E8E\\u0178\\u1EF6\\u1EF4\\u01B3\\u024E\\u1EFE]","Z":"[\\u005A\\u24CF\\uFF3A\\u0179\\u1E90\\u017B\\u017D\\u1E92\\u1E94\\u01B5\\u0224\\u2C7F\\u2C6B\\uA762]","a":"[\\u0061\\u24D0\\uFF41\\u1E9A\\u00E0\\u00E1\\u00E2\\u1EA7\\u1EA5\\u1EAB\\u1EA9\\u00E3\\u0101\\u0103\\u1EB1\\u1EAF\\u1EB5\\u1EB3\\u0227\\u01E1\\u00E4\\u01DF\\u1EA3\\u00E5\\u01FB\\u01CE\\u0201\\u0203\\u1EA1\\u1EAD\\u1EB7\\u1E01\\u0105\\u2C65\\u0250]","aa":"[\\uA733]","ae":"[\\u00E6\\u01FD\\u01E3]","ao":"[\\uA735]","au":"[\\uA737]","av":"[\\uA739\\uA73B]","ay":"[\\uA73D]","b":"[\\u0062\\u24D1\\uFF42\\u1E03\\u1E05\\u1E07\\u0180\\u0183\\u0253]","c":"[\\u0063\\u24D2\\uFF43\\u0107\\u0109\\u010B\\u010D\\u00E7\\u1E09\\u0188\\u023C\\uA73F\\u2184]","d":"[\\u0064\\u24D3\\uFF44\\u1E0B\\u010F\\u1E0D\\u1E11\\u1E13\\u1E0F\\u0111\\u018C\\u0256\\u0257\\uA77A]","dz":"[\\u01F3\\u01C6]","e":"[\\u0065\\u24D4\\uFF45\\u00E8\\u00E9\\u00EA\\u1EC1\\u1EBF\\u1EC5\\u1EC3\\u1EBD\\u0113\\u1E15\\u1E17\\u0115\\u0117\\u00EB\\u1EBB\\u011B\\u0205\\u0207\\u1EB9\\u1EC7\\u0229\\u1E1D\\u0119\\u1E19\\u1E1B\\u0247\\u025B\\u01DD]","f":"[\\u0066\\u24D5\\uFF46\\u1E1F\\u0192\\uA77C]","g":"[\\u0067\\u24D6\\uFF47\\u01F5\\u011D\\u1E21\\u011F\\u0121\\u01E7\\u0123\\u01E5\\u0260\\uA7A1\\u1D79\\uA77F]","h":"[\\u0068\\u24D7\\uFF48\\u0125\\u1E23\\u1E27\\u021F\\u1E25\\u1E29\\u1E2B\\u1E96\\u0127\\u2C68\\u2C76\\u0265]","hv":"[\\u0195]","i":"[\\u0069\\u24D8\\uFF49\\u00EC\\u00ED\\u00EE\\u0129\\u012B\\u012D\\u00EF\\u1E2F\\u1EC9\\u01D0\\u0209\\u020B\\u1ECB\\u012F\\u1E2D\\u0268\\u0131]","j":"[\\u006A\\u24D9\\uFF4A\\u0135\\u01F0\\u0249]","k":"[\\u006B\\u24DA\\uFF4B\\u1E31\\u01E9\\u1E33\\u0137\\u1E35\\u0199\\u2C6A\\uA741\\uA743\\uA745\\uA7A3]","l":"[\\u006C\\u24DB\\uFF4C\\u0140\\u013A\\u013E\\u1E37\\u1E39\\u013C\\u1E3D\\u1E3B\\u017F\\u0142\\u019A\\u026B\\u2C61\\uA749\\uA781\\uA747]","lj":"[\\u01C9]","m":"[\\u006D\\u24DC\\uFF4D\\u1E3F\\u1E41\\u1E43\\u0271\\u026F]","n":"[\\u006E\\u24DD\\uFF4E\\u01F9\\u0144\\u00F1\\u1E45\\u0148\\u1E47\\u0146\\u1E4B\\u1E49\\u019E\\u0272\\u0149\\uA791\\uA7A5]","nj":"[\\u01CC]","o":"[\\u006F\\u24DE\\uFF4F\\u00F2\\u00F3\\u00F4\\u1ED3\\u1ED1\\u1ED7\\u1ED5\\u00F5\\u1E4D\\u022D\\u1E4F\\u014D\\u1E51\\u1E53\\u014F\\u022F\\u0231\\u00F6\\u022B\\u1ECF\\u0151\\u01D2\\u020D\\u020F\\u01A1\\u1EDD\\u1EDB\\u1EE1\\u1EDF\\u1EE3\\u1ECD\\u1ED9\\u01EB\\u01ED\\u00F8\\u01FF\\u0254\\uA74B\\uA74D\\u0275]","oi":"[\\u01A3]","ou":"[\\u0223]","oo":"[\\uA74F]","p":"[\\u0070\\u24DF\\uFF50\\u1E55\\u1E57\\u01A5\\u1D7D\\uA751\\uA753\\uA755]","q":"[\\u0071\\u24E0\\uFF51\\u024B\\uA757\\uA759]","r":"[\\u0072\\u24E1\\uFF52\\u0155\\u1E59\\u0159\\u0211\\u0213\\u1E5B\\u1E5D\\u0157\\u1E5F\\u024D\\u027D\\uA75B\\uA7A7\\uA783]","s":"[\\u0073\\u24E2\\uFF53\\u015B\\u1E65\\u015D\\u1E61\\u0161\\u1E67\\u1E63\\u1E69\\u0219\\u015F\\u023F\\uA7A9\\uA785\\u1E9B]","ss":"[\\u00DF]","t":"[\\u0074\\u24E3\\uFF54\\u1E6B\\u1E97\\u0165\\u1E6D\\u021B\\u0163\\u1E71\\u1E6F\\u0167\\u01AD\\u0288\\u2C66\\uA787]","tz":"[\\uA729]","u":"[\\u0075\\u24E4\\uFF55\\u00F9\\u00FA\\u00FB\\u0169\\u1E79\\u016B\\u1E7B\\u016D\\u00FC\\u01DC\\u01D8\\u01D6\\u01DA\\u1EE7\\u016F\\u0171\\u01D4\\u0215\\u0217\\u01B0\\u1EEB\\u1EE9\\u1EEF\\u1EED\\u1EF1\\u1EE5\\u1E73\\u0173\\u1E77\\u1E75\\u0289]","v":"[\\u0076\\u24E5\\uFF56\\u1E7D\\u1E7F\\u028B\\uA75F\\u028C]","vy":"[\\uA761]","w":"[\\u0077\\u24E6\\uFF57\\u1E81\\u1E83\\u0175\\u1E87\\u1E85\\u1E98\\u1E89\\u2C73]","x":"[\\u0078\\u24E7\\uFF58\\u1E8B\\u1E8D]","y":"[\\u0079\\u24E8\\uFF59\\u1EF3\\u00FD\\u0177\\u1EF9\\u0233\\u1E8F\\u00FF\\u1EF7\\u1E99\\u1EF5\\u01B4\\u024F\\u1EFF]","z":"[\\u007A\\u24E9\\uFF5A\\u017A\\u1E91\\u017C\\u017E\\u1E93\\u1E95\\u01B6\\u0225\\u0240\\u2C6C\\uA763]"},"researchesTests":["contentHasTOC","contentHasShortParagraphs","contentHasAssets","keywordInTitle","keywordInMetaDescription","keywordInPermalink","keywordIn10Percent","keywordInContent","keywordInSubheadings","keywordInImageAlt","keywordDensity","keywordNotUsed","lengthContent","lengthPermalink","linksHasInternal","linksHasExternals","linksNotAllExternals","titleStartWithKeyword","titleSentiment","titleHasPowerWords","titleHasNumber","hasContentAI"],"hasRedirection":true,"hasBreadcrumb":false},"homeUrl":"https:\/\/www.algencal.com\/pt","objectID":812,"objectType":"post","locale":"pt","localeFull":"pt_PT","overlayImages":{"play":{"name":"Play icon","url":"https:\/\/www.algencal.com\/wp-content\/plugins\/seo-by-rank-math\/assets\/admin\/img\/icon-play.png","path":"\/bitnami\/wordpress\/wp-content\/plugins\/seo-by-rank-math\/assets\/admin\/img\/icon-play.png","position":"middle_center"},"gif":{"name":"GIF icon","url":"https:\/\/www.algencal.com\/wp-content\/plugins\/seo-by-rank-math\/assets\/admin\/img\/icon-gif.png","path":"\/bitnami\/wordpress\/wp-content\/plugins\/seo-by-rank-math\/assets\/admin\/img\/icon-gif.png","position":"middle_center"}},"defautOgImage":"https:\/\/www.algencal.com\/wp-content\/uploads\/2023\/10\/favicon-algencal.png","customPermalinks":true,"isUserRegistered":true,"autoSuggestKeywords":true,"connectSiteUrl":"https:\/\/rankmath.com\/auth?site=https%3A%2F%2Fwww.algencal.com%2Fpt&r=https%3A%2F%2Fwww.algencal.com%2Fpt%2Fwp-json%2Fwp%2Fv2%2Fpages%2F812%3Fnonce%3Db99a001835","maxTags":5,"trendsIcon":"<svg viewBox=\"0 0 610 610\"><path d=\"M18.85,446,174.32,290.48l58.08,58.08L76.93,504a14.54,14.54,0,0,1-20.55,0L18.83,466.48a14.54,14.54,0,0,1,0-20.55Z\" style=\"fill:#4285f4\"\/><path d=\"M242.65,242.66,377.59,377.6l-47.75,47.75a14.54,14.54,0,0,1-20.55,0L174.37,290.43l47.75-47.75A14.52,14.52,0,0,1,242.65,242.66Z\" style=\"fill:#ea4335\"\/><polygon points=\"319.53 319.53 479.26 159.8 537.34 217.88 377.61 377.62 319.53 319.53\" style=\"fill:#fabb05\"\/><path d=\"M594.26,262.73V118.61h0a16.94,16.94,0,0,0-16.94-16.94H433.2a16.94,16.94,0,0,0-12,28.92L565.34,274.71h0a16.94,16.94,0,0,0,28.92-12Z\" style=\"fill:#34a853\"\/><rect width=\"610\" height=\"610\" style=\"fill:none\"\/><\/svg>","showScore":true,"siteFavIcon":"https:\/\/www.algencal.com\/wp-content\/uploads\/2023\/10\/favicon-algencal-150x110.png","canUser":{"general":false,"advanced":false,"snippet":false,"social":false,"analysis":false,"analytics":false,"content_ai":false},"showKeywordIntent":true,"isPro":false,"is_front_page":false,"trendsUpgradeLink":"https:\/\/rankmath.com\/pricing\/?utm_source=Plugin&utm_medium=CE%20General%20Tab%20Trends&utm_campaign=WP","trendsUpgradeLabel":"Upgrade","trendsPreviewImage":"https:\/\/www.algencal.com\/wp-content\/plugins\/seo-by-rank-math\/assets\/admin\/img\/trends-preview.jpg","currentEditor":false,"homepageData":{"assessor":{"powerWords":[],"diacritics":true,"researchesTests":["contentHasTOC","contentHasShortParagraphs","contentHasAssets","keywordInTitle","keywordInMetaDescription","keywordInPermalink","keywordIn10Percent","keywordInContent","keywordInSubheadings","keywordInImageAlt","keywordDensity","keywordNotUsed","lengthContent","lengthPermalink","linksHasInternal","linksHasExternals","linksNotAllExternals","titleStartWithKeyword","titleSentiment","titleHasPowerWords","titleHasNumber","hasContentAI"],"hasBreadcrumb":false,"serpData":{"title":"%sitename% %page% %sep% %sitedesc%","description":"","titleTemplate":"%sitename% %page% %sep% %sitedesc%","descriptionTemplate":"","focusKeywords":"","breadcrumbTitle":"Home","robots":{"index":true},"advancedRobots":[],"facebookTitle":"","facebookDescription":"","facebookImage":"","facebookImageID":""}}},"tocTitle":"Table of Contents","tocExcludeHeadings":[],"listStyle":"ul"},"_links":{"self":[{"href":"https:\/\/www.algencal.com\/pt\/wp-json\/wp\/v2\/pages\/812","targetHints":{"allow":["GET"]}}],"collection":[{"href":"https:\/\/www.algencal.com\/pt\/wp-json\/wp\/v2\/pages"}],"about":[{"href":"https:\/\/www.algencal.com\/pt\/wp-json\/wp\/v2\/types\/page"}],"author":[{"embeddable":true,"href":"https:\/\/www.algencal.com\/pt\/wp-json\/wp\/v2\/users\/1"}],"replies":[{"embeddable":true,"href":"https:\/\/www.algencal.com\/pt\/wp-json\/wp\/v2\/comments?post=812"}],"version-history":[{"count":2,"href":"https:\/\/www.algencal.com\/pt\/wp-json\/wp\/v2\/pages\/812\/revisions"}],"predecessor-version":[{"id":815,"href":"https:\/\/www.algencal.com\/pt\/wp-json\/wp\/v2\/pages\/812\/revisions\/815"}],"wp:attachment":[{"href":"https:\/\/www.algencal.com\/pt\/wp-json\/wp\/v2\/media?parent=812"}],"curies":[{"name":"wp","href":"https:\/\/api.w.org\/{rel}","templated":true}]}}